{"id":38,"date":"2018-05-14T19:52:38","date_gmt":"2018-05-14T19:52:38","guid":{"rendered":"http:\/\/lisasbuecherleben.de\/?page_id=38"},"modified":"2023-10-08T13:10:29","modified_gmt":"2023-10-08T13:10:29","slug":"alphabetisch","status":"publish","type":"page","link":"https:\/\/lisasbuecherleben.de\/?page_id=38","title":{"rendered":"Alphabetisch"},"content":{"rendered":"<p><strong>A<\/strong><\/p>\n<p><a href=\"http:\/\/lisasbuecherleben.de\/?p=355\">Avery, Lara &#8211; Was von mir bleibt<\/a><\/p>\n<p><strong>B<\/strong><\/p>\n<p><a href=\"http:\/\/lisasbuecherleben.de\/?p=206\">Bilkau, Kristine &#8211; Die Gl\u00fccklichen<\/a><br \/>\n<a href=\"https:\/\/lisasbuecherleben.de\/?p=482\">Blockum, Patrick L. &#8211; Oliver Parkins, Die Entdeckung\u00a0 von Carsalen<\/a><\/p>\n<p><strong>C<\/strong><\/p>\n<p><a href=\"http:\/\/lisasbuecherleben.de\/?p=288\">Chee, Traci &#8211; Ein Meer aus Tinte und Gold<\/a><br \/>\n<a href=\"http:\/\/lisasbuecherleben.de\/?p=287\">Chee, Traci &#8211; Ein Schatz aus Papier und Magie<\/a><\/p>\n<p><strong>D<\/strong><\/p>\n<p><a href=\"https:\/\/lisasbuecherleben.de\/?p=655\">Dr\u00f6scher, Daniela &#8211; L\u00fcgen \u00fcber meine Mutter<\/a><\/p>\n<p><strong>E<\/strong><\/p>\n<p><strong>F<\/strong><\/p>\n<p><a href=\"https:\/\/lisasbuecherleben.de\/?p=668\">Fitzek, Sebastian \u2013 Playlist<\/a><\/p>\n<p><strong>G<\/strong><\/p>\n<p><a href=\"http:\/\/lisasbuecherleben.de\/?p=92\">Glasgow, Kathleen &#8211; M\u00e4dchen in Scherben<\/a><br \/>\n<a href=\"http:\/\/lisasbuecherleben.de\/?p=145\">Gowar, Imogen Hermes &#8211; Die letzte Reise der Meerjungfrau<\/a><\/p>\n<p><strong>H<\/strong><\/p>\n<p><a href=\"http:\/\/lisasbuecherleben.de\/?p=224\">Hammer, Mario &#8211; Time Dwarf&#8217;s Inn<\/a><\/p>\n<p><strong>I<\/strong><\/p>\n<p><strong>J<\/strong><\/p>\n<p><strong>K<\/strong><\/p>\n<p><a href=\"https:\/\/lisasbuecherleben.de\/?p=665\">Klune, T. J. \u2013 Mr. Parnassus&#8216; Heim f\u00fcr magisch Begabte<\/a><br \/>\n<a href=\"https:\/\/lisasbuecherleben.de\/?p=509\">Korbik, Julia &#8211; How to be a girl<\/a><\/p>\n<p><strong>L<\/strong><\/p>\n<p><strong>M<\/strong><\/p>\n<p><a href=\"https:\/\/lisasbuecherleben.de\/?p=569\">Meyer, Marissa &#8211; Renegades, Gef\u00e4hrlicher Freund<\/a><br \/>\n<a href=\"http:\/\/lisasbuecherleben.de\/?p=214\">Moriarty, Liane &#8211; Truly. Madly. Guilty.<\/a><\/p>\n<p><strong>N<\/strong><\/p>\n<p><strong>O<\/strong><\/p>\n<p><strong>P<\/strong><\/p>\n<p><strong>Q<\/strong><\/p>\n<p><strong>R<\/strong><\/p>\n<p><a href=\"https:\/\/lisasbuecherleben.de\/?p=577\">Rapp, Claudia &#8211; Summer Symphony<\/a><\/p>\n<p><strong>S<\/strong><\/p>\n<p><a href=\"https:\/\/lisasbuecherleben.de\/?p=583\">Shah, Bina &#8211; die Geschichte der schweigenden Frauen<\/a><br \/>\n<a href=\"http:\/\/lisasbuecherleben.de\/?p=350\">Stephan, Anja &#8211; A Fairy Tale, Die Suche nach dem blauen Herz<\/a><\/p>\n<p><strong>T<\/strong><\/p>\n<p><a href=\"https:\/\/lisasbuecherleben.de\/?p=395\">Taylor, Ann Kidd &#8211; Shark Club<\/a><\/p>\n<p><strong>U<\/strong><\/p>\n<p><strong>V<\/strong><\/p>\n<p><strong>W<\/strong><\/p>\n<p><a href=\"https:\/\/lisasbuecherleben.de\/?p=527\">Wilckens, Carls &#8211; 13, Das Tagebuch<\/a><br \/>\n<a href=\"http:\/\/lisasbuecherleben.de\/?p=193\">Wirsching, Sabine &#8211; Drei Worte<\/a><\/p>\n<p><strong>X<\/strong><\/p>\n<p><strong>Y<\/strong><\/p>\n<p><strong>Z<\/strong><\/p>\n<p><a href=\"http:\/\/lisasbuecherleben.de\/?p=273\">Zeichnerin, Amalia &#8211; Berlingtons Geisterj\u00e4ger II<\/a><br \/>\n<a href=\"https:\/\/lisasbuecherleben.de\/?p=519\">Zentner, Jeff &#8211; Zusammen sind wir Helden<\/a><\/p>\n<p><strong>Sonstiges<\/strong><\/p>\n<p><a href=\"http:\/\/lisasbuecherleben.de\/?p=280\">When Oceans fade away\u00a0&#8211; eine Anthologie<\/a><\/p>\n","protected":false},"excerpt":{"rendered":"<p>A Avery, Lara &#8211; Was von mir bleibt B Bilkau, Kristine &#8211; Die Gl\u00fccklichen Blockum, Patrick L. &#8211; Oliver Parkins, Die Entdeckung\u00a0 von Carsalen C Chee, Traci &#8211; Ein Meer aus Tinte und Gold Chee, Traci &#8211; Ein Schatz aus Papier und Magie D Dr\u00f6scher, Daniela &#8211; L\u00fcgen \u00fcber meine Mutter E F Fitzek, Sebastian&hellip;<\/p>\n","protected":false},"author":1,"featured_media":0,"parent":0,"menu_order":0,"comment_status":"closed","ping_status":"closed","template":"","meta":[],"_links":{"self":[{"href":"https:\/\/lisasbuecherleben.de\/index.php?rest_route=\/wp\/v2\/pages\/38"}],"collection":[{"href":"https:\/\/lisasbuecherleben.de\/index.php?rest_route=\/wp\/v2\/pages"}],"about":[{"href":"https:\/\/lisasbuecherleben.de\/index.php?rest_route=\/wp\/v2\/types\/page"}],"author":[{"embeddable":true,"href":"https:\/\/lisasbuecherleben.de\/index.php?rest_route=\/wp\/v2\/users\/1"}],"replies":[{"embeddable":true,"href":"https:\/\/lisasbuecherleben.de\/index.php?rest_route=%2Fwp%2Fv2%2Fcomments&post=38"}],"version-history":[{"count":23,"href":"https:\/\/lisasbuecherleben.de\/index.php?rest_route=\/wp\/v2\/pages\/38\/revisions"}],"predecessor-version":[{"id":672,"href":"https:\/\/lisasbuecherleben.de\/index.php?rest_route=\/wp\/v2\/pages\/38\/revisions\/672"}],"wp:attachment":[{"href":"https:\/\/lisasbuecherleben.de\/index.php?rest_route=%2Fwp%2Fv2%2Fmedia&parent=38"}],"curies":[{"name":"wp","href":"https:\/\/api.w.org\/{rel}","templated":true}]}}