{"id":58,"date":"2018-05-21T18:57:41","date_gmt":"2018-05-21T18:57:41","guid":{"rendered":"http:\/\/lisasbuecherleben.de\/?page_id=58"},"modified":"2023-08-27T08:10:24","modified_gmt":"2023-08-27T08:10:24","slug":"impressum","status":"publish","type":"page","link":"https:\/\/lisasbuecherleben.de\/?page_id=58","title":{"rendered":"Impressum"},"content":{"rendered":"<p>Angaben gem\u00e4\u00df \u00a7 5 TMG<br \/>\nLisa Helmus<br \/>\nHofbrunnstra\u00dfe 46<br \/>\n81477 M\u00fcnchen<br \/>\n<b><\/b><\/p>\n<p><b>Vertreten durch:\u00a0<\/b><br \/>\nLisa Helmus<br \/>\nsowie<br \/>\nKristine Helmus<br \/>\n<b><\/b><\/p>\n<p><b>Kontakt:<\/b><br \/>\nE-Mail: schreibmir@lisasbuecherleben.de<br \/>\nTel: +4915788071080<\/p>\n<p><b>Fotografie und Film durch:<\/b><br \/>\nTony Franzky<br \/>\nDreisamstra\u00dfe 25<br \/>\n79098 Freiburg im Breisgau<br \/>\n<b><\/b><\/p>\n<p><b>Verantwortlich f\u00fcr den Inhalt nach \u00a7 55 Abs. 2 RStV:<\/b><br \/>\nLisa Helmus<br \/>\nHofbrunnstra\u00dfe 46<br \/>\n81477 M\u00fcnchen<\/p>\n<p>sowie<\/p>\n<p>Kristine Helmus<br \/>\nHeedheide 32<br \/>\n58553 Halver<\/p>\n<p><b>Haftungsausschluss:\u00a0<\/b><\/p>\n<p><b>Haftung f\u00fcr Inhalte<\/b><\/p>\n<p>Die Inhalte meiner Seite wurden mit gr\u00f6\u00dfter Sorgfalt erstellt. F\u00fcr die Richtigkeit, Vollst\u00e4ndigkeit und Aktualit\u00e4t der Inhalte kann ich jedoch keine Gew\u00e4hr \u00fcbernehmen. Als Diensteanbieter bin ich gem\u00e4\u00df \u00a7 7 Abs.1 TMG f\u00fcr eigene Inhalte auf diesen Seiten nach den allgemeinen Gesetzen verantwortlich. Nach \u00a7\u00a7 8 bis 10 TMG bin ich als Diensteanbieter jedoch nicht verpflichtet, \u00fcbermittelte oder gespeicherte fremde Informationen zu \u00fcberwachen oder nach Umst\u00e4nden zu forschen, die auf eine rechtswidrige T\u00e4tigkeit hinweisen. Verpflichtungen zur Entfernung oder Sperrung der Nutzung von Informationen nach den allgemeinen Gesetzen bleiben hiervon unber\u00fchrt. Eine diesbez\u00fcgliche Haftung ist jedoch erst ab dem Zeitpunkt der Kenntnis einer konkreten Rechtsverletzung m\u00f6glich. Bei Bekanntwerden von entsprechenden Rechtsverletzungen werden wir diese Inhalte umgehend entfernen.<\/p>\n<p><b>Haftung f\u00fcr Links<\/b><\/p>\n<p>Mein Angebot enth\u00e4lt Links zu externen Webseiten Dritter, auf deren Inhalte ich keinen Einfluss habe. Deshalb kann ich f\u00fcr diese fremden Inhalte auch keine Gew\u00e4hr \u00fcbernehmen. F\u00fcr die Inhalte der verlinkten Seiten ist stets der jeweilige Anbieter oder Betreiber der Seiten verantwortlich. Die verlinkten Seiten wurden zum Zeitpunkt der Verlinkung auf m\u00f6gliche Rechtsverst\u00f6\u00dfe \u00fcberpr\u00fcft. Rechtswidrige Inhalte waren zum Zeitpunkt der Verlinkung nicht erkennbar. Eine permanente inhaltliche Kontrolle der verlinkten Seiten ist jedoch ohne konkrete Anhaltspunkte einer Rechtsverletzung nicht zumutbar. Bei Bekanntwerden von Rechtsverletzungen werde ich derartige Links umgehend entfernen.<\/p>\n<p><b>Urheberrecht<\/b><\/p>\n<p>Die durch die Seitenbetreiber erstellten Inhalte und Werke auf diesen Seiten unterliegen dem deutschen Urheberrecht. Die Vervielf\u00e4ltigung, Bearbeitung, Verbreitung und jede Art der Verwertung au\u00dferhalb der Grenzen des Urheberrechtes bed\u00fcrfen der schriftlichen Zustimmung des jeweiligen Autors bzw. Erstellers. Downloads und Kopien dieser Seite sind nur f\u00fcr den privaten, nicht kommerziellen Gebrauch gestattet. Soweit die Inhalte auf dieser Seite nicht vom Betreiber erstellt wurden, werden die Urheberrechte Dritter beachtet. Insbesondere werden Inhalte Dritter als solche gekennzeichnet. Sollten Sie trotzdem auf eine Urheberrechtsverletzung aufmerksam werden, bitte ich um einen entsprechenden Hinweis. Bei Bekanntwerden von Rechtsverletzungen werde ich derartige Inhalte umgehend entfernen.<\/p>\n","protected":false},"excerpt":{"rendered":"<p>Angaben gem\u00e4\u00df \u00a7 5 TMG Lisa Helmus Hofbrunnstra\u00dfe 46 81477 M\u00fcnchen Vertreten durch:\u00a0 Lisa Helmus sowie Kristine Helmus Kontakt: E-Mail: schreibmir@lisasbuecherleben.de Tel: +4915788071080 Fotografie und Film durch: Tony Franzky Dreisamstra\u00dfe 25 79098 Freiburg im Breisgau Verantwortlich f\u00fcr den Inhalt nach \u00a7 55 Abs. 2 RStV: Lisa Helmus Hofbrunnstra\u00dfe 46 81477 M\u00fcnchen sowie Kristine Helmus Heedheide&hellip;<\/p>\n","protected":false},"author":1,"featured_media":0,"parent":0,"menu_order":0,"comment_status":"closed","ping_status":"closed","template":"","meta":[],"_links":{"self":[{"href":"https:\/\/lisasbuecherleben.de\/index.php?rest_route=\/wp\/v2\/pages\/58"}],"collection":[{"href":"https:\/\/lisasbuecherleben.de\/index.php?rest_route=\/wp\/v2\/pages"}],"about":[{"href":"https:\/\/lisasbuecherleben.de\/index.php?rest_route=\/wp\/v2\/types\/page"}],"author":[{"embeddable":true,"href":"https:\/\/lisasbuecherleben.de\/index.php?rest_route=\/wp\/v2\/users\/1"}],"replies":[{"embeddable":true,"href":"https:\/\/lisasbuecherleben.de\/index.php?rest_route=%2Fwp%2Fv2%2Fcomments&post=58"}],"version-history":[{"count":5,"href":"https:\/\/lisasbuecherleben.de\/index.php?rest_route=\/wp\/v2\/pages\/58\/revisions"}],"predecessor-version":[{"id":651,"href":"https:\/\/lisasbuecherleben.de\/index.php?rest_route=\/wp\/v2\/pages\/58\/revisions\/651"}],"wp:attachment":[{"href":"https:\/\/lisasbuecherleben.de\/index.php?rest_route=%2Fwp%2Fv2%2Fmedia&parent=58"}],"curies":[{"name":"wp","href":"https:\/\/api.w.org\/{rel}","templated":true}]}}